{"id":1006,"date":"2021-01-21T13:43:29","date_gmt":"2021-01-21T12:43:29","guid":{"rendered":"https:\/\/austeria.pl\/produkt\/dybuk-wersja-wegierska\/"},"modified":"2022-04-01T11:29:16","modified_gmt":"2022-04-01T09:29:16","slug":"dybuk-wersja-wegierska","status":"publish","type":"product","link":"https:\/\/austeria.pl\/en\/produkt\/dybuk-wersja-wegierska\/","title":{"rendered":"Dybuk \u2013 Hungarian version"},"content":{"rendered":"<p>Slomo An-Ski dr\u00e1m\u00e1ja ma egy igen k\u00fcl\u00f6nleges hat\u00e1rvid\u00e9kre kalauzol benn\u00fcnket. A mai zsid\u00f3 vil\u00e1g valami teljesen m\u00e1s,mint ami akkor lehetett volna, ha term\u00e9szetes \u00fatj\u00e1n halad tov\u00e1bb, mint m\u00e1s vil\u00e1gok. A szerz\u0151 \u00e1ltal a Dybukban elrejtett, gyakran egym\u00e1st \u00e1tfed\u0151 jelent\u00e9sek kaleidoszk\u00f3pj\u00e1hoz t\u00e1rs\u00edtanunk kell ezt a balj\u00f3slat\u00fa \u00e9rtelme is. Ennek ellen\u00e9re m\u00e9gis \u00e9rdemes ellen\u00e1llni a k\u00eds\u00e9rt\u00e9snek, hogy puszt\u00e1n egy elpuszt\u00edtott vil\u00e1g mement\u00f3jak\u00e9nt olvassuk ezt a dar bot.<\/p>\n<p>Slomo Zanvl Rappaport (1863\u20131920), kor\u00e1nak gyermeke, lelkes \u00e9s kifejezetten alapos n\u00e9prajzkutat\u00f3 eg\u00e9szen szokatlan dolgot hozott l\u00e9tre. 1911-ben a Pod\u00f3lia \u00e9s Volh\u00ednia vid\u00e9k\u00e9n, elhagyatott falvakban \u00e9s kisv\u00e1rosokban val\u00f3, Joel Engellel k\u00f6z\u00f6s kutat\u00e1sait haszn\u00e1lta fel egy olyan dr\u00e1ma alapj\u00e1ul, amely nem puszt\u00e1n a zsid\u00f3 szellem szint\u00e9zis\u00e9t adja, annak \u00f6sszes, a mai napig benne rejl\u0151 ellent\u00e9t\u00e9vel \u00e9s \u00e9l\u00e9nk dinamik\u00e1j\u00e1val, hanem amely megfogalmaz \u00e1ltal\u00e1nos \u00e9rv\u00e9ny\u0171 k\u00e9rd\u00e9seket is.<\/p>\n","protected":false},"excerpt":{"rendered":"<p>Slomo An-Ski dr\u00e1m\u00e1ja ma egy igen k\u00fcl\u00f6nleges hat\u00e1rvid\u00e9kre kalauzol benn\u00fcnket. A mai zsid\u00f3 vil\u00e1g valami teljesen m\u00e1s,mint ami akkor lehetett volna, ha term\u00e9szetes \u00fatj\u00e1n halad tov\u00e1bb, mint m\u00e1s vil\u00e1gok. A<\/p>\n","protected":false},"featured_media":1005,"template":"","meta":[],"product_cat":[1301],"product_tag":[],"acf":[],"_links":{"self":[{"href":"https:\/\/austeria.pl\/en\/wp-json\/wp\/v2\/product\/1006"}],"collection":[{"href":"https:\/\/austeria.pl\/en\/wp-json\/wp\/v2\/product"}],"about":[{"href":"https:\/\/austeria.pl\/en\/wp-json\/wp\/v2\/types\/product"}],"wp:featuredmedia":[{"embeddable":true,"href":"https:\/\/austeria.pl\/en\/wp-json\/wp\/v2\/media\/1005"}],"wp:attachment":[{"href":"https:\/\/austeria.pl\/en\/wp-json\/wp\/v2\/media?parent=1006"}],"wp:term":[{"taxonomy":"product_cat","embeddable":true,"href":"https:\/\/austeria.pl\/en\/wp-json\/wp\/v2\/product_cat?post=1006"},{"taxonomy":"product_tag","embeddable":true,"href":"https:\/\/austeria.pl\/en\/wp-json\/wp\/v2\/product_tag?post=1006"}],"curies":[{"name":"wp","href":"https:\/\/api.w.org\/{rel}","templated":true}]}}