{"id":10526,"date":"2017-10-27T11:28:54","date_gmt":"2017-10-27T09:28:54","guid":{"rendered":"https:\/\/austeria.pl\/produkt\/veit-stos-das-buch-zum-schreiben\/"},"modified":"2021-10-27T11:42:03","modified_gmt":"2021-10-27T09:42:03","slug":"veit-stos-das-buch-zum-schreiben","status":"publish","type":"product","link":"https:\/\/austeria.pl\/en\/produkt\/veit-stos-das-buch-zum-schreiben\/","title":{"rendered":"Veit Sto\u00df. Das Buch zum Schreiben"},"content":{"rendered":"<p>War es ihm klar, dass die Arbeit zw\u00f6lf Jahre dauern und sich als ein gigantisches logistisches Unternehmen erweisen w\u00fcrde, als er zum ersten Mal die zweit\u00fcrmige Stadtpfarrkirche ansah, f\u00fcr die er den neuen Altar schaffen sollte? Vermutete er, dass Krakau sich als dankbare und gro\u00dfz\u00fcgige Stadt erkenntlich zeigen w\u00fcrde, die ihn von allen Steuern befreit (eine absolute Sensation n\u00f6rdlich der Alpen) und ihm ein Honorar von 2800 Florentinern anbietet, was eine astronomische Summe darstellte: das Jahresbudget der Stadt! Manche vermuten \u00fcbrigens, dass dies nur die letzte Rate gewesen sei, denn schlie\u00dflich musste er w\u00e4hrend der ganzen Zeit die Familie verpflegen&#8230; Und ahnte er schlie\u00dflich, als er aus unklaren Gr\u00fcnden die Stadt \u2013 wie sich zeigen sollte, f\u00fcr immer \u2013 in Richtung Franken verlie\u00df, dass Krakau sehr schnell und f\u00fcr einige hundert Jahre seinen Namen vergessen w\u00fcrde? Dass diese Stadt mit der Chance, ein gro\u00dfes mitteleurop\u00e4isches Zivilisationszentrum zu sein, diese verliert \u2013 nicht unbedingt aus eigener Schuld. Dass nach mehr als zweihundert Jahren irgend ein p\u00e4pstlicher Gesandter, der sich hier wiederfand, zusammenfasst: Krakau ist ohne Zweifel entz\u00fcckend, aber in weniger als einer Stunde kann man es durchlaufen.<\/p>\n<p style=\"text-align: right;\">Agnieszka Sabor<\/p>\n","protected":false},"excerpt":{"rendered":"<p>War es ihm klar, dass die Arbeit zw\u00f6lf Jahre dauern und sich als ein gigantisches logistisches Unternehmen erweisen w\u00fcrde, als er zum ersten Mal die zweit\u00fcrmige Stadtpfarrkirche ansah, f\u00fcr die<\/p>\n","protected":false},"featured_media":10520,"template":"","meta":[],"product_cat":[1482],"product_tag":[],"acf":[],"_links":{"self":[{"href":"https:\/\/austeria.pl\/en\/wp-json\/wp\/v2\/product\/10526"}],"collection":[{"href":"https:\/\/austeria.pl\/en\/wp-json\/wp\/v2\/product"}],"about":[{"href":"https:\/\/austeria.pl\/en\/wp-json\/wp\/v2\/types\/product"}],"wp:featuredmedia":[{"embeddable":true,"href":"https:\/\/austeria.pl\/en\/wp-json\/wp\/v2\/media\/10520"}],"wp:attachment":[{"href":"https:\/\/austeria.pl\/en\/wp-json\/wp\/v2\/media?parent=10526"}],"wp:term":[{"taxonomy":"product_cat","embeddable":true,"href":"https:\/\/austeria.pl\/en\/wp-json\/wp\/v2\/product_cat?post=10526"},{"taxonomy":"product_tag","embeddable":true,"href":"https:\/\/austeria.pl\/en\/wp-json\/wp\/v2\/product_tag?post=10526"}],"curies":[{"name":"wp","href":"https:\/\/api.w.org\/{rel}","templated":true}]}}