{"id":13272,"date":"2022-02-24T13:54:09","date_gmt":"2022-02-24T12:54:09","guid":{"rendered":"https:\/\/austeria.pl\/produkt\/a-womens-haggadah-hagada-kobiet\/"},"modified":"2022-02-25T10:54:51","modified_gmt":"2022-02-25T09:54:51","slug":"a-womens-haggadah-hagada-kobiet","status":"publish","type":"product","link":"https:\/\/austeria.pl\/en\/produkt\/a-womens-haggadah-hagada-kobiet\/","title":{"rendered":"A women\u2019s haggadah | Hagada kobiet"},"content":{"rendered":"<div>\n<div>I have cherished the idea of a women\u2019s Haggadah for a long time \u2013 ever since I read and translated Merle Feld\u2019s poem\u00a0<i>We All Stood Together.<\/i>\u00a0But to make it real, a community of women who would like to write it should be created. This is why on the invitation from the participants, I have willingly joined the Kol Isha project. In the spirit of the Haggadah to be created, I saw myself as performing the role of a midwife, helping it to be born. [&#8230;]<\/div>\n<div>The Haggadah of Krak\u00f3w will come to light. Let it bring hope for the future, let it announce the exodus from slavery to freedom. To the participants of our meetings \u2013 to all of them and to every single one \u2013 I would like to address the words of the blessing, written by Merle Feld: \u201cBe who you are, and be blessed for everything that you are.\u201d<\/div>\n<p>&nbsp;<\/p>\n<div>O tym, \u017ce w Polsce powinna powsta\u0107 Hagada kobiet, my\u015bla\u0142am od dawna \u2013 odk\u0105d przeczyta\u0142am i przet\u0142umaczy\u0142am wiersz Merle Feld\u00a0<i>Wszyscy stali\u015bmy\u00a0<\/i><i>razem<\/i>. Musia\u0142a jednak powsta\u0107 wsp\u00f3lnota kobiet, kt\u00f3re chcia\u0142yby j\u0105 napisa\u0107. Dlatego ch\u0119tnie do\u0142\u0105czy\u0142am do projektu Kol Isha, do kt\u00f3rego zaprosi\u0142y mnie\u00a0jego uczestniczki. Zgodnie z duchem Hagady, kt\u00f3ra mia\u0142a powsta\u0107, rozumia\u0142am swoj\u0105 rol\u0119 jako po\u0142o\u017cnej, kt\u00f3ra pomaga przyj\u015b\u0107 na \u015bwiat. [&#8230;]<\/div>\n<div>Krakowska Hagada kobiet ujrzy \u015bwiat\u0142o dzienne. Oby nios\u0142a nadziej\u0119 na przysz\u0142o\u015b\u0107, oby zwiastowa\u0142a wyj\u015bcie z niewoli ku wolno\u015bci. A do uczestniczek naszych zgromadze\u0144, do ka\u017cdej z osobna, chcia\u0142abym skierowa\u0107 b\u0142ogos\u0142awie\u0144stwo, sformu\u0142owane r\u00f3wnie\u017c przez poetk\u0119 Merle Feld: \u201eB\u0105d\u017a, kim jeste\u015b \u2013 i b\u0105d\u017a b\u0142ogos\u0142awiona za wszystko, czym jeste\u015b\u201d.<\/div>\n<div style=\"text-align: right;\">Bella Szwarcman-Czarnota<\/div>\n<\/div>\n","protected":false},"excerpt":{"rendered":"<p>I have cherished the idea of a women\u2019s Haggadah for a long time \u2013 ever since I read and translated Merle Feld\u2019s poem\u00a0We All Stood Together.\u00a0But to make it real,<\/p>\n","protected":false},"featured_media":11555,"template":"","meta":[],"product_cat":[1780],"product_tag":[],"acf":[],"_links":{"self":[{"href":"https:\/\/austeria.pl\/en\/wp-json\/wp\/v2\/product\/13272"}],"collection":[{"href":"https:\/\/austeria.pl\/en\/wp-json\/wp\/v2\/product"}],"about":[{"href":"https:\/\/austeria.pl\/en\/wp-json\/wp\/v2\/types\/product"}],"wp:featuredmedia":[{"embeddable":true,"href":"https:\/\/austeria.pl\/en\/wp-json\/wp\/v2\/media\/11555"}],"wp:attachment":[{"href":"https:\/\/austeria.pl\/en\/wp-json\/wp\/v2\/media?parent=13272"}],"wp:term":[{"taxonomy":"product_cat","embeddable":true,"href":"https:\/\/austeria.pl\/en\/wp-json\/wp\/v2\/product_cat?post=13272"},{"taxonomy":"product_tag","embeddable":true,"href":"https:\/\/austeria.pl\/en\/wp-json\/wp\/v2\/product_tag?post=13272"}],"curies":[{"name":"wp","href":"https:\/\/api.w.org\/{rel}","templated":true}]}}