{"id":1544,"date":"2018-01-25T10:52:41","date_gmt":"2018-01-25T09:52:41","guid":{"rendered":"https:\/\/austeria.pl\/?post_type=product&#038;p=1544"},"modified":"2022-04-01T16:19:37","modified_gmt":"2022-04-01T14:19:37","slug":"pekniete-oko-czasu-loeil-fele-du-temps","status":"publish","type":"product","link":"https:\/\/austeria.pl\/en\/produkt\/pekniete-oko-czasu-loeil-fele-du-temps\/","title":{"rendered":"P\u0119kni\u0119te oko czasu \/ L\u2019\u0153il f\u00eal\u00e9 du temps"},"content":{"rendered":"","protected":false},"excerpt":{"rendered":"","protected":false},"featured_media":1548,"template":"","meta":[],"product_cat":[1301],"product_tag":[],"acf":[],"_links":{"self":[{"href":"https:\/\/austeria.pl\/en\/wp-json\/wp\/v2\/product\/1544"}],"collection":[{"href":"https:\/\/austeria.pl\/en\/wp-json\/wp\/v2\/product"}],"about":[{"href":"https:\/\/austeria.pl\/en\/wp-json\/wp\/v2\/types\/product"}],"wp:featuredmedia":[{"embeddable":true,"href":"https:\/\/austeria.pl\/en\/wp-json\/wp\/v2\/media\/1548"}],"wp:attachment":[{"href":"https:\/\/austeria.pl\/en\/wp-json\/wp\/v2\/media?parent=1544"}],"wp:term":[{"taxonomy":"product_cat","embeddable":true,"href":"https:\/\/austeria.pl\/en\/wp-json\/wp\/v2\/product_cat?post=1544"},{"taxonomy":"product_tag","embeddable":true,"href":"https:\/\/austeria.pl\/en\/wp-json\/wp\/v2\/product_tag?post=1544"}],"curies":[{"name":"wp","href":"https:\/\/api.w.org\/{rel}","templated":true}]}}