{"id":1602,"date":"2018-01-25T11:11:07","date_gmt":"2018-01-25T10:11:07","guid":{"rendered":"https:\/\/austeria.pl\/?post_type=product&#038;p=1602"},"modified":"2022-04-01T15:53:47","modified_gmt":"2022-04-01T13:53:47","slug":"przyjdzie-smierc-i-bedzie-miala-twoje-oczy-verra-la-morte-e-avra-i-tuoi-occhi-wybor-wierszy-poesie-scelte","status":"publish","type":"product","link":"https:\/\/austeria.pl\/en\/produkt\/przyjdzie-smierc-i-bedzie-miala-twoje-oczy-verra-la-morte-e-avra-i-tuoi-occhi-wybor-wierszy-poesie-scelte\/","title":{"rendered":"Przyjdzie \u015bmier\u0107 i b\u0119dzie mia\u0142a twoje oczy. Verr\u00e0 la morte e avr\u00e0 i tuoi occhi. Wyb\u00f3r wierszy. Poesie scelte"},"content":{"rendered":"<p>Nei versi di Pavese c\u2019\u00e8 un bisogno di forma che oltrepassa la forma, una necessit\u00e0 di canto che sopravanza il canto. Il culto tributato alla sua opera risponde a questa urgenza comunicativa, all\u2019impellenza di un contatto con l\u2019altro. Pavese chiama, e il suo appello ha sul lettore una presa immediata, emotiva. Ma non \u00e8 appunto da una pulsione simile, dall\u2019ancoraggio nel terreno del vissuto, che la letteratura trae la sua origine? Ripercorrere oggi questi testi significa perci\u00f2 verificare la forza di una parola che forse rimanda al di l\u00e0 della poesia, ma senza cui la poesia non pu\u00f2 esistere.<\/p>\n<p style=\"text-align: right;\">Valerio Magrelli<br \/>\nPoeta<\/p>\n","protected":false},"excerpt":{"rendered":"<p>Nei versi di Pavese c\u2019\u00e8 un bisogno di forma che oltrepassa la forma, una necessit\u00e0 di canto che sopravanza il canto. Il culto tributato alla sua opera risponde a questa<\/p>\n","protected":false},"featured_media":1608,"template":"","meta":[],"product_cat":[1301],"product_tag":[],"acf":[],"_links":{"self":[{"href":"https:\/\/austeria.pl\/en\/wp-json\/wp\/v2\/product\/1602"}],"collection":[{"href":"https:\/\/austeria.pl\/en\/wp-json\/wp\/v2\/product"}],"about":[{"href":"https:\/\/austeria.pl\/en\/wp-json\/wp\/v2\/types\/product"}],"wp:featuredmedia":[{"embeddable":true,"href":"https:\/\/austeria.pl\/en\/wp-json\/wp\/v2\/media\/1608"}],"wp:attachment":[{"href":"https:\/\/austeria.pl\/en\/wp-json\/wp\/v2\/media?parent=1602"}],"wp:term":[{"taxonomy":"product_cat","embeddable":true,"href":"https:\/\/austeria.pl\/en\/wp-json\/wp\/v2\/product_cat?post=1602"},{"taxonomy":"product_tag","embeddable":true,"href":"https:\/\/austeria.pl\/en\/wp-json\/wp\/v2\/product_tag?post=1602"}],"curies":[{"name":"wp","href":"https:\/\/api.w.org\/{rel}","templated":true}]}}