{"id":2414,"date":"2018-05-14T14:49:38","date_gmt":"2018-05-14T12:49:38","guid":{"rendered":"https:\/\/austeria.pl\/produkt\/passages\/"},"modified":"2022-04-01T15:22:36","modified_gmt":"2022-04-01T13:22:36","slug":"passages","status":"publish","type":"product","link":"https:\/\/austeria.pl\/en\/produkt\/passages\/","title":{"rendered":"Passages"},"content":{"rendered":"<p>Autrefois, il y a longtemps, pr\u00e8s de ma maison il y avait un grand<br \/>\narbre. Les merles venaient l\u2019envahir chaque soir. Ils battaient des<br \/>\nailes, se disputaient la meilleure place, se posaient sur les branches.<br \/>\nOn entendait de loin le vacarme d\u2019oiseaux. L\u2019arbre sonnait comme un<br \/>\ninstrument de musique.<br \/>\nUn matin, l\u2019arbre a \u00e9t\u00e9 abattu. Le bruit sourd du tronc qui s\u2019effondre,<br \/>\nla plainte des branches qui se cassent ont r\u00e9sonn\u00e9 \u00e0 la ronde. Mais le<br \/>\nsoir, au moment o\u00f9 le soleil touche l\u2019horizon, les merles, inconscients,<br \/>\nsont arriv\u00e9s comme tous les soirs et, battants des ailes, sont rest\u00e9s<br \/>\nsuspendus dans l\u2019air comme s\u2019ils voulaient se poser sue les branches<br \/>\ninvisibles. La silhouette de l\u2019arbre inexistant se dessinait sur le fond<br \/>\nde ciel.<\/p>\n<p style=\"text-align: right;\">\u201cLes oiseaux\u201d<\/p>\n","protected":false},"excerpt":{"rendered":"<p>Autrefois, il y a longtemps, pr\u00e8s de ma maison il y avait un grand arbre. Les merles venaient l\u2019envahir chaque soir. Ils battaient des ailes, se disputaient la meilleure place,<\/p>\n","protected":false},"featured_media":2413,"template":"","meta":[],"product_cat":[1301],"product_tag":[],"acf":[],"_links":{"self":[{"href":"https:\/\/austeria.pl\/en\/wp-json\/wp\/v2\/product\/2414"}],"collection":[{"href":"https:\/\/austeria.pl\/en\/wp-json\/wp\/v2\/product"}],"about":[{"href":"https:\/\/austeria.pl\/en\/wp-json\/wp\/v2\/types\/product"}],"wp:featuredmedia":[{"embeddable":true,"href":"https:\/\/austeria.pl\/en\/wp-json\/wp\/v2\/media\/2413"}],"wp:attachment":[{"href":"https:\/\/austeria.pl\/en\/wp-json\/wp\/v2\/media?parent=2414"}],"wp:term":[{"taxonomy":"product_cat","embeddable":true,"href":"https:\/\/austeria.pl\/en\/wp-json\/wp\/v2\/product_cat?post=2414"},{"taxonomy":"product_tag","embeddable":true,"href":"https:\/\/austeria.pl\/en\/wp-json\/wp\/v2\/product_tag?post=2414"}],"curies":[{"name":"wp","href":"https:\/\/api.w.org\/{rel}","templated":true}]}}