{"id":2430,"date":"2018-05-16T16:58:41","date_gmt":"2018-05-16T14:58:41","guid":{"rendered":"https:\/\/austeria.pl\/produkt\/budapest-irokonyv\/"},"modified":"2022-05-23T14:36:18","modified_gmt":"2022-05-23T12:36:18","slug":"budapest-irokonyv","status":"publish","type":"product","link":"https:\/\/austeria.pl\/en\/produkt\/budapest-irokonyv\/","title":{"rendered":"Budapest. \u00cdr\u00f3k\u00f6nyv"},"content":{"rendered":"<p style=\"text-align: left;\">\u201e1900-ban Budapest k\u00f6z\u00e9p\u00fcleteinek szembe\u00f6tl\u0151 jellemz\u0151je a monumentalit\u00e1s. Ez ann\u00e1l k\u00fcl\u00f6n\u00f6sebb, mert a kolossz\u00e1lis alkot\u00e1sokra val\u00f3 t\u00f6rekv\u00e9s sem a sz\u00e1zadfordul\u00f3 el\u0151tt, sem az ut\u00e1n nem jellemezte a magyar \u00e9p\u00edt\u00e9szetet. Ekkor azonban teljes \u2013 noha val\u00f3sz\u00edn\u0171leg nem szerencs\u00e9s \u2013 \u00f6sszhangban volt a nemzeti b\u00fcszkes\u00e9g sz\u00e9ls\u0151s\u00e9ges \u00e9s hangzatos kit\u00f6r\u00e9seivel. Volt ebben valami k\u00fcl\u00f6n\u00f6s optimizmus (k\u00fcl\u00f6n\u00f6s, mert a magyar ember ink\u00e1bb pesszimizmusra hajlamos), tal\u00e1n \u00e9rthet\u0151 (noha teljesen meg nem bocs\u00e1jthat\u00f3) r\u00f6vidl\u00e1t\u00e1s, a magyar mindenhat\u00f3s\u00e1g \u00e9rz\u00e9se\u201d.<\/p>\n<p style=\"text-align: right;\">John Lukacs<\/p>\n","protected":false},"excerpt":{"rendered":"<p>\u201e1900-ban Budapest k\u00f6z\u00e9p\u00fcleteinek szembe\u00f6tl\u0151 jellemz\u0151je a monumentalit\u00e1s. Ez ann\u00e1l k\u00fcl\u00f6n\u00f6sebb, mert a kolossz\u00e1lis alkot\u00e1sokra val\u00f3 t\u00f6rekv\u00e9s sem a sz\u00e1zadfordul\u00f3 el\u0151tt, sem az ut\u00e1n nem jellemezte a magyar \u00e9p\u00edt\u00e9szetet. Ekkor azonban<\/p>\n","protected":false},"featured_media":2429,"template":"","meta":[],"product_cat":[1482],"product_tag":[],"acf":[],"_links":{"self":[{"href":"https:\/\/austeria.pl\/en\/wp-json\/wp\/v2\/product\/2430"}],"collection":[{"href":"https:\/\/austeria.pl\/en\/wp-json\/wp\/v2\/product"}],"about":[{"href":"https:\/\/austeria.pl\/en\/wp-json\/wp\/v2\/types\/product"}],"wp:featuredmedia":[{"embeddable":true,"href":"https:\/\/austeria.pl\/en\/wp-json\/wp\/v2\/media\/2429"}],"wp:attachment":[{"href":"https:\/\/austeria.pl\/en\/wp-json\/wp\/v2\/media?parent=2430"}],"wp:term":[{"taxonomy":"product_cat","embeddable":true,"href":"https:\/\/austeria.pl\/en\/wp-json\/wp\/v2\/product_cat?post=2430"},{"taxonomy":"product_tag","embeddable":true,"href":"https:\/\/austeria.pl\/en\/wp-json\/wp\/v2\/product_tag?post=2430"}],"curies":[{"name":"wp","href":"https:\/\/api.w.org\/{rel}","templated":true}]}}