{"id":29675,"date":"2024-04-18T12:25:43","date_gmt":"2024-04-18T10:25:43","guid":{"rendered":"https:\/\/austeria.pl\/?post_type=product&#038;p=29675"},"modified":"2025-12-18T11:41:08","modified_gmt":"2025-12-18T10:41:08","slug":"sicilia-a-book-for-writing","status":"publish","type":"product","link":"https:\/\/austeria.pl\/en\/produkt\/sicilia-a-book-for-writing\/","title":{"rendered":"Sicilia. Libro da scrivere"},"content":{"rendered":"<p>Cos\u00ec parlammo della Sicilia eterna, di quella delle cose di natura, del profumo di rosmarino sui Nebrodi, del gusto del miele di Melilli, dell\u2019ondeggiare delle messi in una giornata ventosa di Maggio come si vede da Enna, delle solitudini intorno a\u00a0Siracusa, delle raf\u200af\u200aiche di profumo riversate, si dice, su Palermo dagli agrumeti durante certi tramonti di Giugno. Parlammo dell&#8217;incanto di certe notti estive in vista del golfo di Castellammare, quando le stelle si specchiano nel mare che dorme e lo spirito di chi \u00e8 coricato riverso fra i\u00a0lentischi si perde nel vortice del cielo mentre il corpo, teso e all&#8217;erta, teme l\u2019avvicinarsi dei demoni. [\u2026] Il mare: il mare di Sicilia \u00e8 il pi\u00f9 colorito, il pi\u00f9 aromatico di quanti ne abbia visti [\u2026].<\/p>\n<p style=\"text-align: right;\">Giuseppe Tomasi di Lampedusa<\/p>\n","protected":false},"excerpt":{"rendered":"<p>Cos\u00ec parlammo della Sicilia eterna, di quella delle cose di natura, del profumo di rosmarino sui Nebrodi, del gusto del miele di Melilli, dell\u2019ondeggiare delle messi in una giornata ventosa<\/p>\n","protected":false},"featured_media":29676,"template":"","meta":[],"product_cat":[1301,1482],"product_tag":[],"acf":[],"_links":{"self":[{"href":"https:\/\/austeria.pl\/en\/wp-json\/wp\/v2\/product\/29675"}],"collection":[{"href":"https:\/\/austeria.pl\/en\/wp-json\/wp\/v2\/product"}],"about":[{"href":"https:\/\/austeria.pl\/en\/wp-json\/wp\/v2\/types\/product"}],"wp:featuredmedia":[{"embeddable":true,"href":"https:\/\/austeria.pl\/en\/wp-json\/wp\/v2\/media\/29676"}],"wp:attachment":[{"href":"https:\/\/austeria.pl\/en\/wp-json\/wp\/v2\/media?parent=29675"}],"wp:term":[{"taxonomy":"product_cat","embeddable":true,"href":"https:\/\/austeria.pl\/en\/wp-json\/wp\/v2\/product_cat?post=29675"},{"taxonomy":"product_tag","embeddable":true,"href":"https:\/\/austeria.pl\/en\/wp-json\/wp\/v2\/product_tag?post=29675"}],"curies":[{"name":"wp","href":"https:\/\/api.w.org\/{rel}","templated":true}]}}