{"id":30921,"date":"2024-10-18T12:40:40","date_gmt":"2024-10-18T10:40:40","guid":{"rendered":"https:\/\/austeria.pl\/?post_type=product&#038;p=30921"},"modified":"2025-08-20T08:17:12","modified_gmt":"2025-08-20T06:17:12","slug":"kalendarz-zydowski-jewish-calendar-calendario-ebraico-5785-2024-2025-2","status":"publish","type":"product","link":"https:\/\/austeria.pl\/en\/produkt\/kalendarz-zydowski-jewish-calendar-calendario-ebraico-5785-2024-2025-2\/","title":{"rendered":"KALENDARZ \u017bYDOWSKI | JEWISH CALENDAR | Calendario Ebraico 5785 | 2024\/2025"},"content":{"rendered":"","protected":false},"excerpt":{"rendered":"<h5>\u015acienny kalendarz ilustrowany \u017cydowskimi poczt\u00f3wkami \u015bwi\u0105tecznymi z pocz\u0105tku XX wieku.<\/h5>\n","protected":false},"featured_media":29973,"template":"","meta":[],"product_cat":[1526],"product_tag":[],"acf":[],"_links":{"self":[{"href":"https:\/\/austeria.pl\/en\/wp-json\/wp\/v2\/product\/30921"}],"collection":[{"href":"https:\/\/austeria.pl\/en\/wp-json\/wp\/v2\/product"}],"about":[{"href":"https:\/\/austeria.pl\/en\/wp-json\/wp\/v2\/types\/product"}],"wp:featuredmedia":[{"embeddable":true,"href":"https:\/\/austeria.pl\/en\/wp-json\/wp\/v2\/media\/29973"}],"wp:attachment":[{"href":"https:\/\/austeria.pl\/en\/wp-json\/wp\/v2\/media?parent=30921"}],"wp:term":[{"taxonomy":"product_cat","embeddable":true,"href":"https:\/\/austeria.pl\/en\/wp-json\/wp\/v2\/product_cat?post=30921"},{"taxonomy":"product_tag","embeddable":true,"href":"https:\/\/austeria.pl\/en\/wp-json\/wp\/v2\/product_tag?post=30921"}],"curies":[{"name":"wp","href":"https:\/\/api.w.org\/{rel}","templated":true}]}}