{"id":32745,"date":"2025-08-26T09:54:22","date_gmt":"2025-08-26T07:54:22","guid":{"rendered":"https:\/\/austeria.pl\/?post_type=product&#038;p=32745"},"modified":"2025-08-26T09:54:22","modified_gmt":"2025-08-26T07:54:22","slug":"sugiharas-list","status":"publish","type":"product","link":"https:\/\/austeria.pl\/en\/produkt\/sugiharas-list\/","title":{"rendered":"Sugihara\u2019s List"},"content":{"rendered":"<p>In my mind I count all the names, browse through all the faces. The children, grandchildren, now even great grandchildren and even the little grandson of a granddaughter, so a great great grandson. Cousins\u2026 a\u00a0great clan. One big Israeli family. From Jerusalem to the Negev desert. They are far away, and to tell you the truth, I visit them less and less often. And as far as the great grandchildren are concerned, I can\u2019t say I\u00a0know them. But I have them, and they have themselves. They are alive. All this because their ancestor, the family sage, Warsaw lawyer Zerach Warhaftig, father, grandfather and great grandfather, was on Sugihara\u2019s list. The\u00a0now famous and at the time life-saving visas were issued by the Japanese consul to him, his wife and half-year-old son in Kaunas. Together with other immigrants they traversed Siberia and reached a welcoming Japan before traveling further on to America and, finally, once the war was over, settling down in Jerusalem. A trip around the world. And with a great sense of timing \u2013 in 1948, Zerach Warhaftig, together with thirty other founding fathers and mothers, signed Israel\u2019s declaration of independence. He served the country for another half a century as a politician, lawyer and professor. He was the first to write the story of the Jewish refugees who emigrated from Kaunas and of the noble personage of the Japanese consul who saved people\u2019s lives by breaking with procedures. Personally, Zerach was my uncle, the brother of my grandmother, one of the most important people in my life. In his Jerusalem apartment, I\u00a0absorbed Judaism and Hebrew, we spoke about family and Jewish history. If not for him, I wouldn\u2019t be a translator or a rabbinic literature lecturer today. And\u00a0so, I too am greatly in debt to Chiune Sugihara.<\/p>\n<p style=\"text-align: right;\">Piotr Pazi\u0144ski<\/p>\n","protected":false},"excerpt":{"rendered":"<h5><strong>Zofia Hartman<\/strong>\u00a0(ur. 1998 w Krakowie) \u2013 uko\u0144czy\u0142a studia kulturoznawcze na Wydziale Polonistyki UJ. Interesuje si\u0119 kultur\u0105 \u017cydowsk\u0105 i literatur\u0105. Pracowa\u0142a m. in. dla krakowskiego Muzeum \u017bydowskiego Galicja i Fundacji Miasto Literatury. Jest ponadto z wykszta\u0142cenia muzykiem klasycznym, czynnie koncertuje jako oboistka.<\/h5>\n","protected":false},"featured_media":32612,"template":"","meta":[],"product_cat":[1567],"product_tag":[],"acf":[],"_links":{"self":[{"href":"https:\/\/austeria.pl\/en\/wp-json\/wp\/v2\/product\/32745"}],"collection":[{"href":"https:\/\/austeria.pl\/en\/wp-json\/wp\/v2\/product"}],"about":[{"href":"https:\/\/austeria.pl\/en\/wp-json\/wp\/v2\/types\/product"}],"wp:featuredmedia":[{"embeddable":true,"href":"https:\/\/austeria.pl\/en\/wp-json\/wp\/v2\/media\/32612"}],"wp:attachment":[{"href":"https:\/\/austeria.pl\/en\/wp-json\/wp\/v2\/media?parent=32745"}],"wp:term":[{"taxonomy":"product_cat","embeddable":true,"href":"https:\/\/austeria.pl\/en\/wp-json\/wp\/v2\/product_cat?post=32745"},{"taxonomy":"product_tag","embeddable":true,"href":"https:\/\/austeria.pl\/en\/wp-json\/wp\/v2\/product_tag?post=32745"}],"curies":[{"name":"wp","href":"https:\/\/api.w.org\/{rel}","templated":true}]}}