{"id":494,"date":"2017-12-13T11:30:46","date_gmt":"2017-12-13T10:30:46","guid":{"rendered":"https:\/\/austeria.pl\/produkt\/en-arle\/"},"modified":"2023-04-03T11:45:46","modified_gmt":"2023-04-03T09:45:46","slug":"en-arle","status":"publish","type":"product","link":"https:\/\/austeria.pl\/en\/produkt\/en-arle\/","title":{"rendered":"En Arle"},"content":{"rendered":"<p style=\"text-align: left\">\u201eLes traces, les traces\u2026 Elles se croisent, se superposent, proches, lointaines, visibles ou non \u2013 marquant les itin\u00e9raires de l\u2019Histoire, les parcours de p\u00e8lerins, les carrefours \u2013 nous les reconnaissons partout o\u00f9 l\u2019homme a laiss\u00e9 l\u2019empreinte de son pied, et chaque fois que nous apercevons une tra\u00een\u00e9e d\u2019\u00e9cume laiss\u00e9e par une gal\u00e8re qui vogue vers Ithaque, nous pouvons nous dire : Hic est locus patriae \u2013 nous sommes chez nous.<br \/>\nAlors, quand pour la \u00e9ni\u00e8me fois revient la question : pourquoi la Provence, la r\u00e9ponse semble \u00e9vidente. Justement, c\u2019est \u00e0 cause de cela!\u201d<\/p>\n","protected":false},"excerpt":{"rendered":"<p>\u201eLes traces, les traces\u2026 Elles se croisent, se superposent, proches, lointaines, visibles ou non \u2013 marquant les itin\u00e9raires de l\u2019Histoire, les parcours de p\u00e8lerins, les carrefours \u2013 nous les reconnaissons<\/p>\n","protected":false},"featured_media":446,"template":"","meta":[],"product_cat":[1482],"product_tag":[],"acf":[],"_links":{"self":[{"href":"https:\/\/austeria.pl\/en\/wp-json\/wp\/v2\/product\/494"}],"collection":[{"href":"https:\/\/austeria.pl\/en\/wp-json\/wp\/v2\/product"}],"about":[{"href":"https:\/\/austeria.pl\/en\/wp-json\/wp\/v2\/types\/product"}],"wp:featuredmedia":[{"embeddable":true,"href":"https:\/\/austeria.pl\/en\/wp-json\/wp\/v2\/media\/446"}],"wp:attachment":[{"href":"https:\/\/austeria.pl\/en\/wp-json\/wp\/v2\/media?parent=494"}],"wp:term":[{"taxonomy":"product_cat","embeddable":true,"href":"https:\/\/austeria.pl\/en\/wp-json\/wp\/v2\/product_cat?post=494"},{"taxonomy":"product_tag","embeddable":true,"href":"https:\/\/austeria.pl\/en\/wp-json\/wp\/v2\/product_tag?post=494"}],"curies":[{"name":"wp","href":"https:\/\/api.w.org\/{rel}","templated":true}]}}