{"id":515,"date":"2017-12-14T10:43:38","date_gmt":"2017-12-14T09:43:38","guid":{"rendered":"https:\/\/austeria.pl\/?post_type=product&#038;p=515"},"modified":"2024-04-25T11:14:34","modified_gmt":"2024-04-25T09:14:34","slug":"a-warsaw-notebook","status":"publish","type":"product","link":"https:\/\/austeria.pl\/en\/produkt\/a-warsaw-notebook\/","title":{"rendered":"A Warsaw notebook"},"content":{"rendered":"<p style=\"text-align: center\">\u201eIt was already April when Peter Kwinto arrived in Warsaw in a jeep.<br \/>\nTe suburb of Praga looked just as he had known it before the war.<br \/>\nDirty tenement houses with warping wooden structures between<br \/>\nthem, long straight streets paved roughly with cobble-stones, wind<br \/>\n\u2013 there was always wind there \u2013 sweeping up spirals of sand and<br \/>\nlitter. Only the lopped-o\ufb00 towers of St. Florian\u2019s and occasional<br \/>\nshrapnel-scarred walls reminded one of the war. All the same,<br \/>\nPraga had changed. Its main street was transformed into a bazaar<br \/>\nand camping site\u201d.<\/p>\n<p style=\"text-align: center\"><strong>Czes\u0142aw Mi\u0142osz<\/strong><\/p>\n","protected":false},"excerpt":{"rendered":"<h5>Truly exceptional varsavianum \u2013 a literary notebook containing excerpts from poems, novels, and essays by many renowned authors and beautiful photographs depicting old-time and contemporary Warsaw.<\/h5>\n<h5>Literary notebook containing \u2018Warsaw-oriented\u2019 excerpts from poems, novels, and essays by various authors (such famous writers as, e.g., Isaac Bashevis Singer, Witold Gombrowicz, Czes\u0142aw Mi\u0142osz, Marek Edelman, Julia Hartwig, Zbigniew Herbert, Janusz G\u0142owacki, Andrzej Stasiuk), accompanied by rare and beautiful photographs depicting pre- and post-war Warsaw, as well as the contemporary face of the Polish capital city.<\/h5>\n<h5>Published in cooperation with Fundacja Zeszyty Literackie and Dom Spotka\u0144 z Histori\u0105, Warsaw.<\/h5>\n","protected":false},"featured_media":519,"template":"","meta":[],"product_cat":[1482],"product_tag":[],"acf":[],"_links":{"self":[{"href":"https:\/\/austeria.pl\/en\/wp-json\/wp\/v2\/product\/515"}],"collection":[{"href":"https:\/\/austeria.pl\/en\/wp-json\/wp\/v2\/product"}],"about":[{"href":"https:\/\/austeria.pl\/en\/wp-json\/wp\/v2\/types\/product"}],"wp:featuredmedia":[{"embeddable":true,"href":"https:\/\/austeria.pl\/en\/wp-json\/wp\/v2\/media\/519"}],"wp:attachment":[{"href":"https:\/\/austeria.pl\/en\/wp-json\/wp\/v2\/media?parent=515"}],"wp:term":[{"taxonomy":"product_cat","embeddable":true,"href":"https:\/\/austeria.pl\/en\/wp-json\/wp\/v2\/product_cat?post=515"},{"taxonomy":"product_tag","embeddable":true,"href":"https:\/\/austeria.pl\/en\/wp-json\/wp\/v2\/product_tag?post=515"}],"curies":[{"name":"wp","href":"https:\/\/api.w.org\/{rel}","templated":true}]}}