{"id":585,"date":"2017-12-14T11:03:22","date_gmt":"2017-12-14T10:03:22","guid":{"rendered":"https:\/\/austeria.pl\/?post_type=product&#038;p=585"},"modified":"2024-04-25T11:13:00","modified_gmt":"2024-04-25T09:13:00","slug":"seteniu-uzrasai-notes-szetejnienski","status":"publish","type":"product","link":"https:\/\/austeria.pl\/en\/produkt\/seteniu-uzrasai-notes-szetejnienski\/","title":{"rendered":"\u0160eteni\u0173 u\u017era\u0161ai \u2013 Notes szetejnie\u0144ski"},"content":{"rendered":"<p style=\"text-align: center\">\u201eG\u0117ris, gro\u017eis ir tiesa yra tai, kas niekada<br \/>\nneprisistato \u0161iais vardais, \u2013 jie leid\u017eia<br \/>\npamatyti, i\u0161girsti ir suprasti pasaul\u012f,<br \/>\no ne padalyti j\u012f \u012f dvi kategorijas\u201d.<\/p>\n","protected":false},"excerpt":{"rendered":"<p>\u201eG\u0117ris, gro\u017eis ir tiesa yra tai, kas niekada neprisistato \u0161iais vardais, \u2013 jie leid\u017eia pamatyti, i\u0161girsti ir suprasti pasaul\u012f, o ne padalyti j\u012f \u012f dvi kategorijas\u201d.<\/p>\n","protected":false},"featured_media":589,"template":"","meta":[],"product_cat":[1482],"product_tag":[],"acf":[],"_links":{"self":[{"href":"https:\/\/austeria.pl\/en\/wp-json\/wp\/v2\/product\/585"}],"collection":[{"href":"https:\/\/austeria.pl\/en\/wp-json\/wp\/v2\/product"}],"about":[{"href":"https:\/\/austeria.pl\/en\/wp-json\/wp\/v2\/types\/product"}],"wp:featuredmedia":[{"embeddable":true,"href":"https:\/\/austeria.pl\/en\/wp-json\/wp\/v2\/media\/589"}],"wp:attachment":[{"href":"https:\/\/austeria.pl\/en\/wp-json\/wp\/v2\/media?parent=585"}],"wp:term":[{"taxonomy":"product_cat","embeddable":true,"href":"https:\/\/austeria.pl\/en\/wp-json\/wp\/v2\/product_cat?post=585"},{"taxonomy":"product_tag","embeddable":true,"href":"https:\/\/austeria.pl\/en\/wp-json\/wp\/v2\/product_tag?post=585"}],"curies":[{"name":"wp","href":"https:\/\/api.w.org\/{rel}","templated":true}]}}