{"id":645,"date":"2017-12-14T11:57:07","date_gmt":"2017-12-14T10:57:07","guid":{"rendered":"https:\/\/austeria.pl\/?post_type=product&#038;p=645"},"modified":"2024-04-25T11:21:04","modified_gmt":"2024-04-25T09:21:04","slug":"carnet-arlesien","status":"publish","type":"product","link":"https:\/\/austeria.pl\/en\/produkt\/carnet-arlesien\/","title":{"rendered":"Carnet arl\u00e9sien"},"content":{"rendered":"<blockquote>\n<p style=\"text-align: center\">\u201eEn Provence, le temps s\u2019\u00e9coule autrement; il n\u2019est pas lin\u00e9aire, mais flexible; il s\u2019arr\u00eate, fait demi-tour. Hier, avant-hier, il y a un an, c\u2019est la m\u00eame chose. On peut quitter momentan\u00e9ment la vie ordinaire, pour revenir, de diff\u00e9rents endroits, de diff\u00e9rentes r\u00e9alit\u00e9s \u2013 imagin\u00e9es ou r\u00e9elles \u2013 toujours chez soi. Ce temps est un ami, m\u00eame s\u2019il d\u00e9compte les heures qui nous s\u00e9parent du n\u00e9ant\u201d.<\/p>\n<\/blockquote>\n","protected":false},"excerpt":{"rendered":"<p>\u201eEn Provence, le temps s\u2019\u00e9coule autrement; il n\u2019est pas lin\u00e9aire, mais flexible; il s\u2019arr\u00eate, fait demi-tour. Hier, avant-hier, il y a un an, c\u2019est la m\u00eame chose. On peut quitter<\/p>\n","protected":false},"featured_media":649,"template":"","meta":[],"product_cat":[1482],"product_tag":[],"acf":[],"_links":{"self":[{"href":"https:\/\/austeria.pl\/en\/wp-json\/wp\/v2\/product\/645"}],"collection":[{"href":"https:\/\/austeria.pl\/en\/wp-json\/wp\/v2\/product"}],"about":[{"href":"https:\/\/austeria.pl\/en\/wp-json\/wp\/v2\/types\/product"}],"wp:featuredmedia":[{"embeddable":true,"href":"https:\/\/austeria.pl\/en\/wp-json\/wp\/v2\/media\/649"}],"wp:attachment":[{"href":"https:\/\/austeria.pl\/en\/wp-json\/wp\/v2\/media?parent=645"}],"wp:term":[{"taxonomy":"product_cat","embeddable":true,"href":"https:\/\/austeria.pl\/en\/wp-json\/wp\/v2\/product_cat?post=645"},{"taxonomy":"product_tag","embeddable":true,"href":"https:\/\/austeria.pl\/en\/wp-json\/wp\/v2\/product_tag?post=645"}],"curies":[{"name":"wp","href":"https:\/\/api.w.org\/{rel}","templated":true}]}}