{"id":6962,"date":"2020-11-10T11:46:45","date_gmt":"2020-11-10T10:46:45","guid":{"rendered":"https:\/\/austeria.pl\/?post_type=product&#038;p=6962"},"modified":"2023-03-17T11:25:05","modified_gmt":"2023-03-17T10:25:05","slug":"fury-wladyslaw-podkowinski-notebook-paperback-cover","status":"publish","type":"product","link":"https:\/\/austeria.pl\/en\/produkt\/fury-wladyslaw-podkowinski-notebook-paperback-cover\/","title":{"rendered":"Fury &#8211; W\u0142adys\u0142aw Podkowi\u0144ski notebook, paperback cover"},"content":{"rendered":"","protected":false},"excerpt":{"rendered":"","protected":false},"featured_media":11486,"template":"","meta":[],"product_cat":[1747],"product_tag":[],"acf":[],"_links":{"self":[{"href":"https:\/\/austeria.pl\/en\/wp-json\/wp\/v2\/product\/6962"}],"collection":[{"href":"https:\/\/austeria.pl\/en\/wp-json\/wp\/v2\/product"}],"about":[{"href":"https:\/\/austeria.pl\/en\/wp-json\/wp\/v2\/types\/product"}],"wp:featuredmedia":[{"embeddable":true,"href":"https:\/\/austeria.pl\/en\/wp-json\/wp\/v2\/media\/11486"}],"wp:attachment":[{"href":"https:\/\/austeria.pl\/en\/wp-json\/wp\/v2\/media?parent=6962"}],"wp:term":[{"taxonomy":"product_cat","embeddable":true,"href":"https:\/\/austeria.pl\/en\/wp-json\/wp\/v2\/product_cat?post=6962"},{"taxonomy":"product_tag","embeddable":true,"href":"https:\/\/austeria.pl\/en\/wp-json\/wp\/v2\/product_tag?post=6962"}],"curies":[{"name":"wp","href":"https:\/\/api.w.org\/{rel}","templated":true}]}}