{"id":7752,"date":"2021-01-19T16:49:58","date_gmt":"2021-01-19T15:49:58","guid":{"rendered":"https:\/\/austeria.pl\/?post_type=product&#038;p=7752"},"modified":"2024-04-25T10:32:21","modified_gmt":"2024-04-25T08:32:21","slug":"janusz-korczak-irokonyv","status":"publish","type":"product","link":"https:\/\/austeria.pl\/en\/produkt\/janusz-korczak-irokonyv\/","title":{"rendered":"Janusz Korczak. \u00cdr\u00f3k\u00f6nyv"},"content":{"rendered":"<p>Ah\u00e1nyszor csak, f\u00e9lret\u00e9ve ezt a k\u00f6nyvet, tov\u00e1bbsz\u00f6v\u00f6d a gondolataidat, a k\u00f6nyv annyiszor \u00e9ri el a c\u00e9lj\u00e1t. Ha gyorsan \u00e1tlapozva el\u0151\u00edr\u00e1sokat \u00e9s recepteket keresel, azt hi\u00e1nyolva, hogy kev\u00e9s van bel\u0151l\u00fck \u2013 tudd, ha vannak is benne tan\u00e1csok \u00e9s \u00fatmutat\u00e1sok, az a szerz\u0151 sz\u00e1nd\u00e9ka ellen\u00e9re t\u00f6rt\u00e9nt. Nem tudom, \u00e9s nem is tudhatom, hogy sz\u00e1momra ismeretlen sz\u00fcl\u0151k ismeretlen k\u00f6r\u00fclm\u00e9nyek k\u00f6z\u00f6tt hogyan tudj\u00e1k a sz\u00e1momra ismeretlen gyerekeket nevelni, hangs\u00falyozom \u2013 tudj\u00e1k, nem pedig \u2013 szeretn\u00e9k, \u00e9s nem is \u2013 k\u00f6telesek. \u201eNem tudom\u201d \u2013 a tudom\u00e1nyban az \u00faj gondolatok felvet\u00e9s\u00e9nek, kibontakoz\u00e1s\u00e1nak van egy k\u00f6dfoltja. Nem tudom, hogy a tudom\u00e1nyos gondolkod\u00e1sban nem j\u00e1ratos elme sz\u00e1m\u00e1ra ez nem ijeszt\u0151\u00a0 \u00fcress\u00e9g-e. Meg akarom tan\u00edtani meg\u00e9rteni \u00e9s szeretni a csod\u00e1latos, \u00e9lettel teli \u00e9s k\u00e1pr\u00e1zatos meglepet\u00e9seket \u2013 a mai tud\u00e1snak a gyermekre vonatkoz\u00f3, alkot\u00f3 \u201enem tudom\u201d-jait.<\/p>\n<p style=\"text-align: right\"><em>Hogyan szeress\u00fck a gyermeket. Gyermek a csal\u00e1dban<\/em><\/p>\n","protected":false},"excerpt":{"rendered":"<p>Ah\u00e1nyszor csak, f\u00e9lret\u00e9ve ezt a k\u00f6nyvet, tov\u00e1bbsz\u00f6v\u00f6d a gondolataidat, a k\u00f6nyv annyiszor \u00e9ri el a c\u00e9lj\u00e1t. Ha gyorsan \u00e1tlapozva el\u0151\u00edr\u00e1sokat \u00e9s recepteket keresel, azt hi\u00e1nyolva, hogy kev\u00e9s van bel\u0151l\u00fck \u2013<\/p>\n","protected":false},"featured_media":7753,"template":"","meta":[],"product_cat":[1482],"product_tag":[],"acf":[],"_links":{"self":[{"href":"https:\/\/austeria.pl\/en\/wp-json\/wp\/v2\/product\/7752"}],"collection":[{"href":"https:\/\/austeria.pl\/en\/wp-json\/wp\/v2\/product"}],"about":[{"href":"https:\/\/austeria.pl\/en\/wp-json\/wp\/v2\/types\/product"}],"wp:featuredmedia":[{"embeddable":true,"href":"https:\/\/austeria.pl\/en\/wp-json\/wp\/v2\/media\/7753"}],"wp:attachment":[{"href":"https:\/\/austeria.pl\/en\/wp-json\/wp\/v2\/media?parent=7752"}],"wp:term":[{"taxonomy":"product_cat","embeddable":true,"href":"https:\/\/austeria.pl\/en\/wp-json\/wp\/v2\/product_cat?post=7752"},{"taxonomy":"product_tag","embeddable":true,"href":"https:\/\/austeria.pl\/en\/wp-json\/wp\/v2\/product_tag?post=7752"}],"curies":[{"name":"wp","href":"https:\/\/api.w.org\/{rel}","templated":true}]}}