{"id":7756,"date":"2021-01-19T16:53:43","date_gmt":"2021-01-19T15:53:43","guid":{"rendered":"https:\/\/austeria.pl\/?post_type=product&#038;p=7756"},"modified":"2022-04-01T14:08:51","modified_gmt":"2022-04-01T12:08:51","slug":"paris-surrealiste-livre-pour-ecrire","status":"publish","type":"product","link":"https:\/\/austeria.pl\/en\/produkt\/paris-surrealiste-livre-pour-ecrire\/","title":{"rendered":"Paris surr\u00e9aliste. Livre pour \u00e9crire"},"content":{"rendered":"<p>Gr\u00e2ce \u00e0 un \u00e9tat d\u2019esprit particulier, la promenade urbaine \u00e9tait pour les surr\u00e9alistes une activit\u00e9 irr\u00e9elle. Fid\u00e8les \u00e0 la philosophie du \u00ab\u2009d\u00e9paysement\u2009\u00bb profess\u00e9e par Rimbaud, dans leur errance sans but, ils mettaient en pratique l\u2019id\u00e9e du \u00ab\u2009voyage automatique\u2009\u00bb, favorisant la transformation de la routine quotidienne en po\u00e9sie. Dans son po\u00e8me, Benjamin P\u00e9ret \u2013 en pla\u00e7ant Paris dans l\u2019oc\u00e9an Pacifique au c\u0153ur d\u2019une ronde de requins affam\u00e9s \u2013 monta d\u2019un cran la barre de l\u2019onirisme topographique. L\u2019errance dans les rues menait toujours \u00e0 une rencontre inattendue, un \u00e9change significatif de regards, confirmant chaque jour l\u2019importance du hasard. \u00ab\u2009J\u2019acceptais de croire au hasard universel mais \u00e0 Paris, plus que partout ailleurs, je croyais le voir plus ais\u00e9ment, presque le toucher du doigt\u2009\u00bb, \u00e9crivait Soupault.<\/p>\n","protected":false},"excerpt":{"rendered":"<p>Gr\u00e2ce \u00e0 un \u00e9tat d\u2019esprit particulier, la promenade urbaine \u00e9tait pour les surr\u00e9alistes une activit\u00e9 irr\u00e9elle. Fid\u00e8les \u00e0 la philosophie du \u00ab\u2009d\u00e9paysement\u2009\u00bb profess\u00e9e par Rimbaud, dans leur errance sans but,<\/p>\n","protected":false},"featured_media":7758,"template":"","meta":[],"product_cat":[1482],"product_tag":[],"acf":[],"_links":{"self":[{"href":"https:\/\/austeria.pl\/en\/wp-json\/wp\/v2\/product\/7756"}],"collection":[{"href":"https:\/\/austeria.pl\/en\/wp-json\/wp\/v2\/product"}],"about":[{"href":"https:\/\/austeria.pl\/en\/wp-json\/wp\/v2\/types\/product"}],"wp:featuredmedia":[{"embeddable":true,"href":"https:\/\/austeria.pl\/en\/wp-json\/wp\/v2\/media\/7758"}],"wp:attachment":[{"href":"https:\/\/austeria.pl\/en\/wp-json\/wp\/v2\/media?parent=7756"}],"wp:term":[{"taxonomy":"product_cat","embeddable":true,"href":"https:\/\/austeria.pl\/en\/wp-json\/wp\/v2\/product_cat?post=7756"},{"taxonomy":"product_tag","embeddable":true,"href":"https:\/\/austeria.pl\/en\/wp-json\/wp\/v2\/product_tag?post=7756"}],"curies":[{"name":"wp","href":"https:\/\/api.w.org\/{rel}","templated":true}]}}