{"id":7765,"date":"2021-01-19T17:00:39","date_gmt":"2021-01-19T16:00:39","guid":{"rendered":"https:\/\/austeria.pl\/?post_type=product&#038;p=7765"},"modified":"2024-04-25T10:30:47","modified_gmt":"2024-04-25T08:30:47","slug":"zoppot-ein-buch-zum-schreiben","status":"publish","type":"product","link":"https:\/\/austeria.pl\/en\/produkt\/zoppot-ein-buch-zum-schreiben\/","title":{"rendered":"Zoppot. Ein Buch zum Schreiben"},"content":{"rendered":"<p>Der Seesteg von Zoppot ist reizend. Er wird Jahr f\u00fcr Jahr sorgf\u00e4ltig erneuert, ist mit wei\u00dfen Gel\u00e4ndern geschm\u00fcckt und unz\u00e4hligen Schlupfwinkeln (man kann sich in ihnen verstecken wie bei einem Riesen in der Tasche), riecht nach frischem Holz, Harz und Salz \u2013 er macht den Eindruck wie das frisch gezimmerte Schiff von Johannes Scolvus, das gerade erst aufs Wasser geworfen und zur Reise bereit ist.<\/p>\n<p>Leider, das kann man wohl sagen, ist der Seesteg von Zoppot nur ein Auslauf, ein in die Welt entlassenes B\u00fcgelbrett \u2013 und das ist traurig. Diese traurige Wahrheit taucht jedoch in der Vorstellung der Spazierg\u00e4nger nicht immer auf, nicht unbedingt. Es gen\u00fcgt etwas Sonne, eine h\u00fcbsche Frau oder ein bunter Ballon, damit sie f\u00fcr einen Augenblick fortschweift und verschwimmt [\u2026].<\/p>\n<p>In Zoppot kann man alles vergessen und zwischen bunten Villen und T\u00fcrmchen umherstreifen, wie zwischen Weihnachtskugeln am Christbaum. Au\u00dferdem gibt es das Meer und man kann immer entfliehen. Es ist dort und wartet, wie eine riesige graue Pforte.<\/p>\n<p style=\"text-align: right\">Agnieszka Osiecka<\/p>\n","protected":false},"excerpt":{"rendered":"<p>Der Seesteg von Zoppot ist reizend. Er wird Jahr f\u00fcr Jahr sorgf\u00e4ltig erneuert, ist mit wei\u00dfen Gel\u00e4ndern geschm\u00fcckt und unz\u00e4hligen Schlupfwinkeln (man kann sich in ihnen verstecken wie bei einem<\/p>\n","protected":false},"featured_media":7766,"template":"","meta":[],"product_cat":[1482],"product_tag":[],"acf":[],"_links":{"self":[{"href":"https:\/\/austeria.pl\/en\/wp-json\/wp\/v2\/product\/7765"}],"collection":[{"href":"https:\/\/austeria.pl\/en\/wp-json\/wp\/v2\/product"}],"about":[{"href":"https:\/\/austeria.pl\/en\/wp-json\/wp\/v2\/types\/product"}],"wp:featuredmedia":[{"embeddable":true,"href":"https:\/\/austeria.pl\/en\/wp-json\/wp\/v2\/media\/7766"}],"wp:attachment":[{"href":"https:\/\/austeria.pl\/en\/wp-json\/wp\/v2\/media?parent=7765"}],"wp:term":[{"taxonomy":"product_cat","embeddable":true,"href":"https:\/\/austeria.pl\/en\/wp-json\/wp\/v2\/product_cat?post=7765"},{"taxonomy":"product_tag","embeddable":true,"href":"https:\/\/austeria.pl\/en\/wp-json\/wp\/v2\/product_tag?post=7765"}],"curies":[{"name":"wp","href":"https:\/\/api.w.org\/{rel}","templated":true}]}}