{"id":7773,"date":"2021-01-19T17:05:17","date_gmt":"2021-01-19T16:05:17","guid":{"rendered":"https:\/\/austeria.pl\/?post_type=product&#038;p=7773"},"modified":"2024-04-25T10:29:58","modified_gmt":"2024-04-25T08:29:58","slug":"krakau-ein-buch-zum-schreiben","status":"publish","type":"product","link":"https:\/\/austeria.pl\/en\/produkt\/krakau-ein-buch-zum-schreiben\/","title":{"rendered":"Krakau. Ein Buch zum Schreiben"},"content":{"rendered":"<p>Andere St\u00e4dte leben mit Gegenwart und Zukunft. Krakau lebt allein mit der Vergangenheit, mit den ihr entnommenen Kr\u00e4ften &#8211; mit dem ihr zur\u00fcckgestohlenen, unter den grauen Aschen glimmenden Dasein. Alles hier ist alt: sogar die Jugend bl\u00fcht in Krakau ernsthafter auf, scheint k\u00fcrzer zu sein und flie\u00dft m\u00f6glichst schnell mit dem harmonischen Ton des Gesamten zusammen. Jeder neuere Bau, eine frischere Schicht st\u00f6rt in Krakau, auf dessen Antlitz die Risse und Falten, das Moos und der Schimmel wie die aus einem Geschichtsschlacht von Jahrhunderten hinausgetragenen Narben sind.<\/p>\n<p style=\"text-align: right\">J\u00f3zef Ignacy Kraszewski<\/p>\n","protected":false},"excerpt":{"rendered":"<p>Andere St\u00e4dte leben mit Gegenwart und Zukunft. Krakau lebt allein mit der Vergangenheit, mit den ihr entnommenen Kr\u00e4ften &#8211; mit dem ihr zur\u00fcckgestohlenen, unter den grauen Aschen glimmenden Dasein. Alles<\/p>\n","protected":false},"featured_media":7774,"template":"","meta":[],"product_cat":[1482],"product_tag":[],"acf":[],"_links":{"self":[{"href":"https:\/\/austeria.pl\/en\/wp-json\/wp\/v2\/product\/7773"}],"collection":[{"href":"https:\/\/austeria.pl\/en\/wp-json\/wp\/v2\/product"}],"about":[{"href":"https:\/\/austeria.pl\/en\/wp-json\/wp\/v2\/types\/product"}],"wp:featuredmedia":[{"embeddable":true,"href":"https:\/\/austeria.pl\/en\/wp-json\/wp\/v2\/media\/7774"}],"wp:attachment":[{"href":"https:\/\/austeria.pl\/en\/wp-json\/wp\/v2\/media?parent=7773"}],"wp:term":[{"taxonomy":"product_cat","embeddable":true,"href":"https:\/\/austeria.pl\/en\/wp-json\/wp\/v2\/product_cat?post=7773"},{"taxonomy":"product_tag","embeddable":true,"href":"https:\/\/austeria.pl\/en\/wp-json\/wp\/v2\/product_tag?post=7773"}],"curies":[{"name":"wp","href":"https:\/\/api.w.org\/{rel}","templated":true}]}}