{"id":7806,"date":"2021-01-20T09:36:31","date_gmt":"2021-01-20T08:36:31","guid":{"rendered":"https:\/\/austeria.pl\/?post_type=product&#038;p=7806"},"modified":"2023-03-17T11:42:27","modified_gmt":"2023-03-17T10:42:27","slug":"psalmy-bilingual-edition-polish-hebrew","status":"publish","type":"product","link":"https:\/\/austeria.pl\/en\/produkt\/psalmy-bilingual-edition-polish-hebrew\/","title":{"rendered":"Psalmy Bilingual edition: Polish \u2013 Hebrew"},"content":{"rendered":"<p>Odmawianie Psalm\u00f3w zawsze by\u0142o postrzegane w\u015br\u00f3d \u017byd\u00f3w jako pot\u0119\u017cne narz\u0119dzie do pozyskiwania przychylno\u015bci i mi\u0142osierdzia Boga. I chocia\u017c nadal istniej\u0105 r\u00f3\u017cne tradycje, kt\u00f3re przypisuj\u0105 odmawianiu poszczeg\u00f3lnych Psalm\u00f3w skuteczno\u015b\u0107 w rozmaitych sytuacjach krytycznych, wsp\u00f3\u0142cze\u015bni rabini ucz\u0105, \u017ce skoro Ksi\u0119ga Psalm\u00f3w zawiera tyle ludzkich emocji, jest prawie niemo\u017cliwe, \u017ceby nie znale\u017a\u0107 jednego czy dw\u00f3ch Psalm\u00f3w, kt\u00f3re b\u0119d\u0105 wsp\u00f3\u0142gra\u0142y z uczuciami, potrzebami czy sytuacj\u0105 \u017cyciow\u0105 wsp\u00f3\u0142czesnego \u017byda.<\/p>\n<p>Dzia\u0142ania magiczne opisywane w Szimusz Tehilin (traktat <em>Pos\u0142ugiwanie si\u0119 Psalmami<\/em>) odpowiada\u0142y kondycji psychicznej czytelnik\u00f3w z przesz\u0142o\u015bci, bo jak uczy\u0142 rabi Nachman z Brac\u0142awia: \u201eJest wielkim dobrodziejstwem ze strony Boga, \u017ce pozwala nam zwraca\u0107 si\u0119 do Niego na ludzki spos\u00f3b\u201d.<\/p>\n","protected":false},"excerpt":{"rendered":"<p>Odmawianie Psalm\u00f3w zawsze by\u0142o postrzegane w\u015br\u00f3d \u017byd\u00f3w jako pot\u0119\u017cne narz\u0119dzie do pozyskiwania przychylno\u015bci i mi\u0142osierdzia Boga. I chocia\u017c nadal istniej\u0105 r\u00f3\u017cne tradycje, kt\u00f3re przypisuj\u0105 odmawianiu poszczeg\u00f3lnych Psalm\u00f3w skuteczno\u015b\u0107 w rozmaitych<\/p>\n","protected":false},"featured_media":15001,"template":"","meta":[],"product_cat":[1780,1301],"product_tag":[],"acf":[],"_links":{"self":[{"href":"https:\/\/austeria.pl\/en\/wp-json\/wp\/v2\/product\/7806"}],"collection":[{"href":"https:\/\/austeria.pl\/en\/wp-json\/wp\/v2\/product"}],"about":[{"href":"https:\/\/austeria.pl\/en\/wp-json\/wp\/v2\/types\/product"}],"wp:featuredmedia":[{"embeddable":true,"href":"https:\/\/austeria.pl\/en\/wp-json\/wp\/v2\/media\/15001"}],"wp:attachment":[{"href":"https:\/\/austeria.pl\/en\/wp-json\/wp\/v2\/media?parent=7806"}],"wp:term":[{"taxonomy":"product_cat","embeddable":true,"href":"https:\/\/austeria.pl\/en\/wp-json\/wp\/v2\/product_cat?post=7806"},{"taxonomy":"product_tag","embeddable":true,"href":"https:\/\/austeria.pl\/en\/wp-json\/wp\/v2\/product_tag?post=7806"}],"curies":[{"name":"wp","href":"https:\/\/api.w.org\/{rel}","templated":true}]}}