{"id":7857,"date":"2021-01-21T13:13:31","date_gmt":"2021-01-21T12:13:31","guid":{"rendered":"https:\/\/austeria.pl\/?post_type=product&#038;p=7857"},"modified":"2023-03-17T12:23:13","modified_gmt":"2023-03-17T11:23:13","slug":"der-letzte-klezmer-das-leben-des-leopold-kozlowski-kleinman","status":"publish","type":"product","link":"https:\/\/austeria.pl\/en\/produkt\/der-letzte-klezmer-das-leben-des-leopold-kozlowski-kleinman\/","title":{"rendered":"Der letzte Klezmer. Das Leben des Leopold Koz\u0142owski-Kleinman"},"content":{"rendered":"<p>Jacek Cygan erz\u00e4hlt die ebenso ersch\u00fctternde wie Mut machende Geschichte des Musikers Leopold Kozlowski-Kleinman, der nicht nur in Polen eine Legende ist. Wo immer der heute 89-J\u00e4hrige auftritt, f\u00fcllt er Konzerts\u00e4le. In Polen ist er ber\u00fchmt als der &#8220;letzte Klezmer Galiziens&#8221; und Begr\u00fcnder des weltbekannten Festivals in Krakau. Der aus einer Familie von traditionellen Klezmorim stammende Kleinman hat als Einziger seiner Familie den Massenmord der Nationalsozialisten \u00fcberlebt.<\/p>\n","protected":false},"excerpt":{"rendered":"<p>Jacek Cygan erz\u00e4hlt die ebenso ersch\u00fctternde wie Mut machende Geschichte des Musikers Leopold Kozlowski-Kleinman, der nicht nur in Polen eine Legende ist. Wo immer der heute 89-J\u00e4hrige auftritt, f\u00fcllt er<\/p>\n","protected":false},"featured_media":7858,"template":"","meta":[],"product_cat":[1301],"product_tag":[],"acf":[],"_links":{"self":[{"href":"https:\/\/austeria.pl\/en\/wp-json\/wp\/v2\/product\/7857"}],"collection":[{"href":"https:\/\/austeria.pl\/en\/wp-json\/wp\/v2\/product"}],"about":[{"href":"https:\/\/austeria.pl\/en\/wp-json\/wp\/v2\/types\/product"}],"wp:featuredmedia":[{"embeddable":true,"href":"https:\/\/austeria.pl\/en\/wp-json\/wp\/v2\/media\/7858"}],"wp:attachment":[{"href":"https:\/\/austeria.pl\/en\/wp-json\/wp\/v2\/media?parent=7857"}],"wp:term":[{"taxonomy":"product_cat","embeddable":true,"href":"https:\/\/austeria.pl\/en\/wp-json\/wp\/v2\/product_cat?post=7857"},{"taxonomy":"product_tag","embeddable":true,"href":"https:\/\/austeria.pl\/en\/wp-json\/wp\/v2\/product_tag?post=7857"}],"curies":[{"name":"wp","href":"https:\/\/api.w.org\/{rel}","templated":true}]}}