{"id":7893,"date":"2021-01-21T15:12:02","date_gmt":"2021-01-21T14:12:02","guid":{"rendered":"https:\/\/austeria.pl\/?post_type=product&#038;p=7893"},"modified":"2022-04-01T11:09:52","modified_gmt":"2022-04-01T09:09:52","slug":"wilno-vilnius","status":"publish","type":"product","link":"https:\/\/austeria.pl\/en\/produkt\/wilno-vilnius\/","title":{"rendered":"Wilno \/ Vilnius"},"content":{"rendered":"<p>Nedaug Europoje yra miest\u0173, taip mitologizuojam\u0173 kaip Vilnius. Turiu omenyje i\u0161 praeities paimtus pasakojimus, kurie neb\u016btinai privalo atitikti faktus. \u0160io miesto istorija tokia keista, kad ji pra\u0161yte pra\u0161osi perkeliama \u012f pasakos erdv\u0119, kas jau ne kart\u0105 buvo daroma, ir pasakojimai skirdavosi, nelygu, kas juos pasakojo: lietuviai, lenkai, \u017eydai ar baltarusiai.<\/p>\n","protected":false},"excerpt":{"rendered":"<p>Nedaug Europoje yra miest\u0173, taip mitologizuojam\u0173 kaip Vilnius. Turiu omenyje i\u0161 praeities paimtus pasakojimus, kurie neb\u016btinai privalo atitikti faktus. \u0160io miesto istorija tokia keista, kad ji pra\u0161yte pra\u0161osi perkeliama \u012f<\/p>\n","protected":false},"featured_media":7894,"template":"","meta":[],"product_cat":[1301],"product_tag":[],"acf":[],"_links":{"self":[{"href":"https:\/\/austeria.pl\/en\/wp-json\/wp\/v2\/product\/7893"}],"collection":[{"href":"https:\/\/austeria.pl\/en\/wp-json\/wp\/v2\/product"}],"about":[{"href":"https:\/\/austeria.pl\/en\/wp-json\/wp\/v2\/types\/product"}],"wp:featuredmedia":[{"embeddable":true,"href":"https:\/\/austeria.pl\/en\/wp-json\/wp\/v2\/media\/7894"}],"wp:attachment":[{"href":"https:\/\/austeria.pl\/en\/wp-json\/wp\/v2\/media?parent=7893"}],"wp:term":[{"taxonomy":"product_cat","embeddable":true,"href":"https:\/\/austeria.pl\/en\/wp-json\/wp\/v2\/product_cat?post=7893"},{"taxonomy":"product_tag","embeddable":true,"href":"https:\/\/austeria.pl\/en\/wp-json\/wp\/v2\/product_tag?post=7893"}],"curies":[{"name":"wp","href":"https:\/\/api.w.org\/{rel}","templated":true}]}}