{"id":7901,"date":"2021-01-21T15:21:12","date_gmt":"2021-01-21T14:21:12","guid":{"rendered":"https:\/\/austeria.pl\/?post_type=product&#038;p=7901"},"modified":"2022-10-25T11:27:07","modified_gmt":"2022-10-25T09:27:07","slug":"czekajac-na-barbarzyncow-%cf%80%ce%b5%cf%81%ce%b9%ce%bc%ce%ad%ce%bd%ce%bf%ce%bd%cf%84%ce%b1%cf%82-%cf%84%ce%bf%cf%85%cf%82-%ce%b2%ce%b1%cf%81%ce%b2%ce%ac%cf%81%ce%bf%cf%85%cf%82","status":"publish","type":"product","link":"https:\/\/austeria.pl\/en\/produkt\/czekajac-na-barbarzyncow-%cf%80%ce%b5%cf%81%ce%b9%ce%bc%ce%ad%ce%bd%ce%bf%ce%bd%cf%84%ce%b1%cf%82-%cf%84%ce%bf%cf%85%cf%82-%ce%b2%ce%b1%cf%81%ce%b2%ce%ac%cf%81%ce%bf%cf%85%cf%82\/","title":{"rendered":"Czekaj\u0105c na barbarzy\u0144c\u00f3w \/ \u03a0\u03b5\u03c1\u03b9\u03bc\u03ad\u03bd\u03bf\u03bd\u03c4\u03b1\u03c2 \u03c4\u03bf\u03c5\u03c2 \u0392\u03b1\u03c1\u03b2\u03ac\u03c1\u03bf\u03c5\u03c2"},"content":{"rendered":"<p>\u03a4\u03bf \u03c0\u03bf\u03af\u03b7\u03bc\u03b1 \u03b1\u03c0\u03bf\u03c4\u03b5\u03bb\u03b5\u03af \u03c0\u03c1\u03cc\u03ba\u03bb\u03b7\u03c3\u03b7 \u03c0\u03bf\u03c5 \u03b1\u03c0\u03b5\u03c5\u03b8\u03cd\u03bd\u03b5\u03c4\u03b1\u03b9 \u03c3\u03c4\u03bf \u03b8\u03ac\u03bd\u03b1\u03c4\u03bf, \u03c3\u03c4\u03bf \u03c7\u03c1\u03cc\u03bd\u03bf, \u03c3\u03c4\u03b7 \u03bb\u03b7\u03c3\u03bc\u03bf\u03bd\u03b9\u03ac\u0387 \u03ba\u03b1\u03b9 \u03bf \u03c0\u03bf\u03b9\u03b7\u03c4\u03ae\u03c2 \u03b5\u03af\u03bd\u03b1\u03b9 \u03ba\u03ac\u03c0\u03bf\u03b9\u03bf\u03c2 \u03c0\u03bf\u03c5 \u03ad\u03c7\u03b5\u03b9 \u03c4\u03b7\u03bd \u03b9\u03b4\u03b9\u03b1\u03af\u03c4\u03b5\u03c1\u03b7 \u03b9\u03ba\u03b1\u03bd\u03cc\u03c4\u03b7\u03c4\u03b1 \u03bd\u03b1 \u03b4\u03b9\u03b1\u03c4\u03b7\u03c1\u03b5\u03af \u03c3\u03b5 \u03bb\u03cc\u03b3\u03b9\u03b1 \u2013 \u03ae \u03c3\u03b5 \u03c6\u03b1\u03bd\u03c4\u03b1\u03c3\u03af\u03b1 \u2013 \u03bc\u03b9\u03b1 \u03c0\u03b5\u03c1\u03b1\u03c3\u03bc\u03ad\u03bd\u03b7 \u03c3\u03c4\u03b9\u03b3\u03bc\u03ae: \u03ad\u03bd\u03b1 \u03b1\u03af\u03c3\u03b8\u03b7\u03bc\u03b1, \u03ad\u03bd\u03b1 \u03c0\u03ac\u03b8\u03b7\u03bc\u03b1, \u03ad\u03bd\u03b1 \u03b2\u03af\u03c9\u03bc\u03b1, \u03bc\u03b9\u03b1 \u03b5\u03bd\u03c4\u03cd\u03c0\u03c9\u03c3\u03b7\u0387 \u03ad\u03bd\u03b1 \u03c6\u03b5\u03c5\u03b3\u03b1\u03bb\u03ad\u03bf \u03c0\u03c1\u03cc\u03c3\u03c9\u03c0\u03bf \u03b5\u03bd\u03cc\u03c2 \u03c0\u03b5\u03c1\u03b1\u03c3\u03c4\u03b9\u03ba\u03bf\u03cd, \u03bc\u03b9\u03b1 \u03bc\u03c5\u03c1\u03c9\u03b4\u03b9\u03ac, \u03bc\u03b9\u03b1 \u03b3\u03c1\u03b1\u03bc\u03bc\u03ae \u03b5\u03bd\u03cc\u03c2 \u03c3\u03ce\u03bc\u03b1\u03c4\u03bf\u03c2. \u0397 \u03c0\u03bf\u03af\u03b7\u03c3\u03b7, \u03bb\u03bf\u03b9\u03c0\u03cc\u03bd, \u03b5\u03af\u03bd\u03b1\u03b9 \u03c4\u03ad\u03c7\u03bd\u03b7 \u03bd\u03b1 \u03ba\u03ac-\u03bd\u03b5\u03b9\u03c2 \u03c4\u03bf \u03c0\u03b1\u03c1\u03b5\u03bb\u03b8\u03cc\u03bd \u03c0\u03b1\u03c1\u03cc\u03bd, \u03bc\u03b5 \u03c4\u03ad\u03c4\u03bf\u03b9\u03bf \u03c4\u03c1\u03cc\u03c0\u03bf \u03ce\u03c3\u03c4\u03b5 \u03b7 \u03c0\u03b5\u03c1\u03b1\u03c3\u03bc\u03ad\u03bd\u03b7 \u03c3\u03c4\u03b9\u03b3\u03bc\u03ae \u03bd\u03b1 \u03b4\u03b9\u03b1\u03c1\u03ba\u03b5\u03af \u03c0\u03b9\u03bf \u03c0\u03ad\u03c1\u03b1 \u03c3\u03b1\u03bd \u03c4\u03bf nunc stans.<\/p>\n","protected":false},"excerpt":{"rendered":"<p>\u03a4\u03bf \u03c0\u03bf\u03af\u03b7\u03bc\u03b1 \u03b1\u03c0\u03bf\u03c4\u03b5\u03bb\u03b5\u03af \u03c0\u03c1\u03cc\u03ba\u03bb\u03b7\u03c3\u03b7 \u03c0\u03bf\u03c5 \u03b1\u03c0\u03b5\u03c5\u03b8\u03cd\u03bd\u03b5\u03c4\u03b1\u03b9 \u03c3\u03c4\u03bf \u03b8\u03ac\u03bd\u03b1\u03c4\u03bf, \u03c3\u03c4\u03bf \u03c7\u03c1\u03cc\u03bd\u03bf, \u03c3\u03c4\u03b7 \u03bb\u03b7\u03c3\u03bc\u03bf\u03bd\u03b9\u03ac\u0387 \u03ba\u03b1\u03b9 \u03bf \u03c0\u03bf\u03b9\u03b7\u03c4\u03ae\u03c2 \u03b5\u03af\u03bd\u03b1\u03b9 \u03ba\u03ac\u03c0\u03bf\u03b9\u03bf\u03c2 \u03c0\u03bf\u03c5 \u03ad\u03c7\u03b5\u03b9 \u03c4\u03b7\u03bd \u03b9\u03b4\u03b9\u03b1\u03af\u03c4\u03b5\u03c1\u03b7 \u03b9\u03ba\u03b1\u03bd\u03cc\u03c4\u03b7\u03c4\u03b1 \u03bd\u03b1 \u03b4\u03b9\u03b1\u03c4\u03b7\u03c1\u03b5\u03af \u03c3\u03b5 \u03bb\u03cc\u03b3\u03b9\u03b1 \u2013 \u03ae \u03c3\u03b5 \u03c6\u03b1\u03bd\u03c4\u03b1\u03c3\u03af\u03b1<\/p>\n","protected":false},"featured_media":7902,"template":"","meta":[],"product_cat":[1301],"product_tag":[],"acf":[],"_links":{"self":[{"href":"https:\/\/austeria.pl\/en\/wp-json\/wp\/v2\/product\/7901"}],"collection":[{"href":"https:\/\/austeria.pl\/en\/wp-json\/wp\/v2\/product"}],"about":[{"href":"https:\/\/austeria.pl\/en\/wp-json\/wp\/v2\/types\/product"}],"wp:featuredmedia":[{"embeddable":true,"href":"https:\/\/austeria.pl\/en\/wp-json\/wp\/v2\/media\/7902"}],"wp:attachment":[{"href":"https:\/\/austeria.pl\/en\/wp-json\/wp\/v2\/media?parent=7901"}],"wp:term":[{"taxonomy":"product_cat","embeddable":true,"href":"https:\/\/austeria.pl\/en\/wp-json\/wp\/v2\/product_cat?post=7901"},{"taxonomy":"product_tag","embeddable":true,"href":"https:\/\/austeria.pl\/en\/wp-json\/wp\/v2\/product_tag?post=7901"}],"curies":[{"name":"wp","href":"https:\/\/api.w.org\/{rel}","templated":true}]}}