{"id":9899,"date":"2021-08-16T09:14:47","date_gmt":"2021-08-16T07:14:47","guid":{"rendered":"https:\/\/austeria.pl\/?post_type=product&#038;p=9899"},"modified":"2024-04-25T10:22:17","modified_gmt":"2024-04-25T08:22:17","slug":"basel-ein-buch-zum-schreiben","status":"publish","type":"product","link":"https:\/\/austeria.pl\/en\/produkt\/basel-ein-buch-zum-schreiben\/","title":{"rendered":"Basel. Ein Buch zum schreiben"},"content":{"rendered":"<p>Auch auf dieser H\u00f6he wiederholt sich dem Auge das herrliche Elsa\u00df, immer dasselbe und immer neu; ebenso wie man im\u00a0Amphitheater, man nehme Platz wo\u00a0man wolle, das ganze Volk \u00fcbersieht, nur seine Nachbarn am\u00a0deutlichsten, so\u00a0ist es\u00a0auch hier mit B\u00fcschen, Felsen, H\u00fcgeln, W\u00e4ldern, Feldern, Wiesen und Ortschaften in\u00a0der N\u00e4he und in\u00a0der Ferne. Am\u00a0Horizont wollte man uns sogar Basel zeigen; da\u00df wir es\u00a0gesehen, will ich nicht beschw\u00f6ren, aber das entfernte Blau der Schweizergebirge \u00fcbte auch hier sein Recht \u00fcber uns aus, indem es\u00a0uns zu\u00a0sich forderte, und da\u00a0wir nicht diesem Triebe folgen konnten, ein schmerzliches Gef\u00fchl zur\u00fccklie\u00df.<\/p>\n<p style=\"text-align: right\">Johann Wolfgang von Goethe<\/p>\n","protected":false},"excerpt":{"rendered":"<p>Auch auf dieser H\u00f6he wiederholt sich dem Auge das herrliche Elsa\u00df, immer dasselbe und immer neu; ebenso wie man im\u00a0Amphitheater, man nehme Platz wo\u00a0man wolle, das ganze Volk \u00fcbersieht, nur<\/p>\n","protected":false},"featured_media":9781,"template":"","meta":[],"product_cat":[1482],"product_tag":[],"acf":[],"_links":{"self":[{"href":"https:\/\/austeria.pl\/en\/wp-json\/wp\/v2\/product\/9899"}],"collection":[{"href":"https:\/\/austeria.pl\/en\/wp-json\/wp\/v2\/product"}],"about":[{"href":"https:\/\/austeria.pl\/en\/wp-json\/wp\/v2\/types\/product"}],"wp:featuredmedia":[{"embeddable":true,"href":"https:\/\/austeria.pl\/en\/wp-json\/wp\/v2\/media\/9781"}],"wp:attachment":[{"href":"https:\/\/austeria.pl\/en\/wp-json\/wp\/v2\/media?parent=9899"}],"wp:term":[{"taxonomy":"product_cat","embeddable":true,"href":"https:\/\/austeria.pl\/en\/wp-json\/wp\/v2\/product_cat?post=9899"},{"taxonomy":"product_tag","embeddable":true,"href":"https:\/\/austeria.pl\/en\/wp-json\/wp\/v2\/product_tag?post=9899"}],"curies":[{"name":"wp","href":"https:\/\/api.w.org\/{rel}","templated":true}]}}